{"id":6876,"date":"2021-06-30T13:35:10","date_gmt":"2021-06-30T13:35:10","guid":{"rendered":"https:\/\/cemme.wsclatvia.com\/musu-ostas\/"},"modified":"2023-07-24T09:12:06","modified_gmt":"2023-07-24T09:12:06","slug":"musu-ostas","status":"publish","type":"page","link":"https:\/\/cemme.wsclatvia.com\/en\/musu-ostas\/","title":{"rendered":"Ports"},"content":{"rendered":"\t\t<div data-elementor-type=\"wp-page\" data-elementor-id=\"6876\" class=\"elementor elementor-6876 elementor-3134\">\n\t\t\t\t\t\t\t\t\t<section class=\"elementor-section elementor-top-section elementor-element elementor-element-e056fbb elementor-section-boxed elementor-section-height-default elementor-section-height-default\" data-id=\"e056fbb\" data-element_type=\"section\">\n\t\t\t\t\t\t<div class=\"elementor-container elementor-column-gap-default\">\n\t\t\t\t\t<div class=\"elementor-column elementor-col-100 elementor-top-column elementor-element elementor-element-a53e420\" data-id=\"a53e420\" data-element_type=\"column\">\n\t\t\t<div class=\"elementor-widget-wrap elementor-element-populated\">\n\t\t\t\t\t\t\t\t<div class=\"elementor-element elementor-element-35b882c elementor-widget elementor-widget-spacer\" data-id=\"35b882c\" data-element_type=\"widget\" data-widget_type=\"spacer.default\">\n\t\t\t\t<div class=\"elementor-widget-container\">\n\t\t\t<style>\/*! elementor - v3.14.0 - 18-06-2023 *\/\n.elementor-column .elementor-spacer-inner{height:var(--spacer-size)}.e-con{--container-widget-width:100%}.e-con-inner>.elementor-widget-spacer,.e-con>.elementor-widget-spacer{width:var(--container-widget-width,var(--spacer-size));--align-self:var(--container-widget-align-self,initial);--flex-shrink:0}.e-con-inner>.elementor-widget-spacer>.elementor-widget-container,.e-con-inner>.elementor-widget-spacer>.elementor-widget-container>.elementor-spacer,.e-con>.elementor-widget-spacer>.elementor-widget-container,.e-con>.elementor-widget-spacer>.elementor-widget-container>.elementor-spacer{height:100%}.e-con-inner>.elementor-widget-spacer>.elementor-widget-container>.elementor-spacer>.elementor-spacer-inner,.e-con>.elementor-widget-spacer>.elementor-widget-container>.elementor-spacer>.elementor-spacer-inner{height:var(--container-widget-height,var(--spacer-size))}<\/style>\t\t<div class=\"elementor-spacer\">\n\t\t\t<div class=\"elementor-spacer-inner\"><\/div>\n\t\t<\/div>\n\t\t\t\t<\/div>\n\t\t\t\t<\/div>\n\t\t\t\t<div class=\"elementor-element elementor-element-2c9628d divider_yes acenter elementor-widget elementor-widget-wgl-double-heading\" data-id=\"2c9628d\" data-element_type=\"widget\" data-widget_type=\"wgl-double-heading.default\">\n\t\t\t\t<div class=\"elementor-widget-container\">\n\t\t\t<div class=\"wgl-double-heading\"><h3 class=\"dblh__title-wrapper\"><span class=\"dblh__divider\"><\/span><span class=\"dblh__title dblh__title-1\">Our<\/span><span class=\"dblh__title dblh__title-2\"> Ports<\/span><\/h3><\/div>\t\t<\/div>\n\t\t\t\t<\/div>\n\t\t\t\t<div class=\"elementor-element elementor-element-eab3a92 elementor-widget elementor-widget-spacer\" data-id=\"eab3a92\" data-element_type=\"widget\" data-widget_type=\"spacer.default\">\n\t\t\t\t<div class=\"elementor-widget-container\">\n\t\t\t\t\t<div class=\"elementor-spacer\">\n\t\t\t<div class=\"elementor-spacer-inner\"><\/div>\n\t\t<\/div>\n\t\t\t\t<\/div>\n\t\t\t\t<\/div>\n\t\t\t\t\t<\/div>\n\t\t<\/div>\n\t\t\t\t\t\t\t<\/div>\n\t\t<\/section>\n\t\t\t\t<section class=\"elementor-section elementor-top-section elementor-element elementor-element-a98f2fd elementor-section-boxed elementor-section-height-default elementor-section-height-default\" data-id=\"a98f2fd\" data-element_type=\"section\">\n\t\t\t\t\t\t<div class=\"elementor-container elementor-column-gap-default\">\n\t\t\t\t\t<div class=\"elementor-column elementor-col-100 elementor-top-column elementor-element elementor-element-9fe1ef3\" data-id=\"9fe1ef3\" data-element_type=\"column\">\n\t\t\t<div class=\"elementor-widget-wrap elementor-element-populated\">\n\t\t\t\t\t\t\t\t<div class=\"elementor-element elementor-element-be34bf1 elementor-widget elementor-widget-wgl-portfolio\" data-id=\"be34bf1\" data-element_type=\"widget\" data-widget_type=\"wgl-portfolio.default\">\n\t\t\t\t<div class=\"elementor-widget-container\">\n\t\t\t<section class=\"wgl_cpt_section\"><div class=\"wgl-portfolio\" id=\"portfolio_module_69d9cbb418d05\"><div class=\"wgl-filter_wrapper portfolio__filter isotope-filter filter-center\"><div class=\"wgl-filter_swiper_wrapper\"><div class=\"swiper-wrapper\"><a href=\"#\" data-filter=\".portfolio__item\" class=\"swiper-slide active\">All<span class=\"filter_counter\"><\/span><\/a><a class=\"swiper-slide\" href=\"https:\/\/cemme.wsclatvia.com\/en\/ostas-category\/ostas-en\/\" data-filter=\".ostas-en\">Ports<span class=\"filter_counter\"><\/span><\/a><a class=\"swiper-slide\" href=\"https:\/\/cemme.wsclatvia.com\/en\/ostas-category\/veja-parki-en\/\" data-filter=\".veja-parki-en\">V\u0113ja parki<span class=\"filter_counter\"><\/span><\/a><\/div><\/div><\/div><div class=\"wgl-portfolio_wrapper\"><div class=\"wgl-portfolio_container container-grid row masonry isotope col-2\"  style=\"margin-right: -15px;margin-left: -15px;margin-bottom: -30px;\"><article class=\"portfolio__item item ostas-en\"  style=\"padding: 0 15px 30px;\"><div class=\"item__wrapper description_inside_image animation_simple\"><div class=\"item__image\"><img decoding=\"async\" src=\"https:\/\/cemme.wsclatvia.com\/wp-content\/uploads\/2023\/10\/augusts_2023-17-scaled-1140x862.jpg\" alt=\"\"><\/div><div class=\"item__description\"><a href=\"https:\/\/cemme.wsclatvia.com\/en\/ostas\/salacgrivas-osta\/\" class=\"single_link portfolio_link\"><\/a><div class=\"description__wrapper\"><div class=\"post_cats\"><a href=https:\/\/cemme.wsclatvia.com\/en\/ostas-category\/ostas-en\/ class=\"portfolio-category\">Ports<\/a><\/div><div class=\"item__title\"><h4 class=\"title\"><a href=\"https:\/\/cemme.wsclatvia.com\/en\/ostas\/salacgrivas-osta\/\" class=\"single_link\">Salacgriva port<\/a><\/h4><\/div><div class=\"description__icon\"><a href=\"https:\/\/cemme.wsclatvia.com\/en\/ostas\/salacgrivas-osta\/\" class=\"single_link\"><i class=\"flaticon-right-arrow\"><\/i><\/a><\/div><\/div><\/div><div class=\"overlay\"><\/div><\/div><\/article><article class=\"portfolio__item item ostas-en\"  style=\"padding: 0 15px 30px;\"><div class=\"item__wrapper description_inside_image animation_simple\"><div class=\"item__image\"><img decoding=\"async\" src=\"https:\/\/cemme.wsclatvia.com\/wp-content\/uploads\/2023\/06\/GoRR21-100-2-1140x862.png\" alt=\"\"><\/div><div class=\"item__description\"><a href=\"https:\/\/cemme.wsclatvia.com\/en\/ostas\/salacgrivas-jahtu-osta\/\" class=\"single_link portfolio_link\"><\/a><div class=\"description__wrapper\"><div class=\"post_cats\"><a href=https:\/\/cemme.wsclatvia.com\/en\/ostas-category\/ostas-en\/ class=\"portfolio-category\">Ports<\/a><\/div><div class=\"item__title\"><h4 class=\"title\"><a href=\"https:\/\/cemme.wsclatvia.com\/en\/ostas\/salacgrivas-jahtu-osta\/\" class=\"single_link\">Salacgriva yacht port<\/a><\/h4><\/div><div class=\"description__icon\"><a href=\"https:\/\/cemme.wsclatvia.com\/en\/ostas\/salacgrivas-jahtu-osta\/\" class=\"single_link\"><i class=\"flaticon-right-arrow\"><\/i><\/a><\/div><\/div><\/div><div class=\"overlay\"><\/div><\/div><\/article><article class=\"portfolio__item item ostas-en\"  style=\"padding: 0 15px 30px;\"><div class=\"item__wrapper description_inside_image animation_simple\"><div class=\"item__image\"><img decoding=\"async\" src=\"https:\/\/cemme.wsclatvia.com\/wp-content\/uploads\/2023\/06\/Kuivizu_osta-scaled-1140x862.jpg\" alt=\"\"><\/div><div class=\"item__description\"><a href=\"https:\/\/cemme.wsclatvia.com\/en\/ostas\/kuivizu-osta\/\" class=\"single_link portfolio_link\"><\/a><div class=\"description__wrapper\"><div class=\"post_cats\"><a href=https:\/\/cemme.wsclatvia.com\/en\/ostas-category\/ostas-en\/ class=\"portfolio-category\">Ports<\/a><\/div><div class=\"item__title\"><h4 class=\"title\"><a href=\"https:\/\/cemme.wsclatvia.com\/en\/ostas\/kuivizu-osta\/\" class=\"single_link\">Kuivi\u017eu port<\/a><\/h4><\/div><div class=\"description__icon\"><a href=\"https:\/\/cemme.wsclatvia.com\/en\/ostas\/kuivizu-osta\/\" class=\"single_link\"><i class=\"flaticon-right-arrow\"><\/i><\/a><\/div><\/div><\/div><div class=\"overlay\"><\/div><\/div><\/article><\/div><\/div><\/div><\/section>\t\t<\/div>\n\t\t\t\t<\/div>\n\t\t\t\t\t<\/div>\n\t\t<\/div>\n\t\t\t\t\t\t\t<\/div>\n\t\t<\/section>\n\t\t\t\t\t\t\t<\/div>\n\t\t","protected":false},"excerpt":{"rendered":"<p>Our Ports AllOstasOstas att\u012bst\u012bbas pl\u0101nojums Ostas Salacgr\u012bvas osta Ostas Salacgr\u012bvas jahtu osta Ostas Kuivi\u017eu osta Ostas att\u012bst\u012bbas pl\u0101nojums Ostas att\u012bst\u012bbas pl\u0101nojums<\/p>\n","protected":false},"author":1,"featured_media":0,"parent":0,"menu_order":0,"comment_status":"closed","ping_status":"closed","template":"","meta":{"footnotes":""},"class_list":["post-6876","page","type-page","status-publish","hentry"],"_links":{"self":[{"href":"https:\/\/cemme.wsclatvia.com\/en\/wp-json\/wp\/v2\/pages\/6876","targetHints":{"allow":["GET"]}}],"collection":[{"href":"https:\/\/cemme.wsclatvia.com\/en\/wp-json\/wp\/v2\/pages"}],"about":[{"href":"https:\/\/cemme.wsclatvia.com\/en\/wp-json\/wp\/v2\/types\/page"}],"author":[{"embeddable":true,"href":"https:\/\/cemme.wsclatvia.com\/en\/wp-json\/wp\/v2\/users\/1"}],"replies":[{"embeddable":true,"href":"https:\/\/cemme.wsclatvia.com\/en\/wp-json\/wp\/v2\/comments?post=6876"}],"version-history":[{"count":11,"href":"https:\/\/cemme.wsclatvia.com\/en\/wp-json\/wp\/v2\/pages\/6876\/revisions"}],"predecessor-version":[{"id":7795,"href":"https:\/\/cemme.wsclatvia.com\/en\/wp-json\/wp\/v2\/pages\/6876\/revisions\/7795"}],"wp:attachment":[{"href":"https:\/\/cemme.wsclatvia.com\/en\/wp-json\/wp\/v2\/media?parent=6876"}],"curies":[{"name":"wp","href":"https:\/\/api.w.org\/{rel}","templated":true}]}}